{"id":629,"date":"2025-04-11T10:40:37","date_gmt":"2025-04-11T08:40:37","guid":{"rendered":"http:\/\/newgeniusglass.comcentrica.it\/?page_id=629"},"modified":"2025-06-11T16:30:58","modified_gmt":"2025-06-11T14:30:58","slug":"contatti","status":"publish","type":"page","link":"https:\/\/www.newgeniusglass.it\/it\/contatti\/","title":{"rendered":"Contatti"},"content":{"rendered":"<div class=\"vce-row-container\" data-vce-boxed-width=\"true\"><div class=\"vce-row vce-row--col-gap-50 vce-row-equal-height vce-row-content--top\" id=\"el-c791b913\" data-vce-do-apply=\"all el-c791b913\"><div class=\"vce-content-background-container\"><\/div><div class=\"vce-row-content\" data-vce-element-content=\"true\"><div class=\"vce-col vce-col--md-auto vce-col--xs-1 vce-col--xs-last vce-col--xs-first vce-col--sm-last vce-col--sm-first vce-col--md-first vce-col--lg-first vce-col--xl-first\" id=\"el-aaf0bbdd\"><div class=\"vce-col-inner\" data-vce-do-apply=\"border margin background  el-aaf0bbdd\"><div class=\"vce-col-content\" data-vce-element-content=\"true\" data-vce-do-apply=\"padding el-aaf0bbdd\"><div class=\"vce-text-block\"><div class=\"vce-text-block-wrapper vce\" id=\"el-5ed2557d\" data-vce-do-apply=\"all el-5ed2557d\"><h2>Sempre a tua disposizione<\/h2><div class=\"qodef-elements-holder   qodef-one-column  qodef-responsive-mode-768 \"><div class=\"qodef-eh-item    \" data-item-class=\"qodef-eh-custom-6722\" data-680=\"0 20% 0 0\"><div class=\"qodef-eh-item-inner\"><div class=\"qodef-eh-item-content qodef-eh-custom-6722\"><div class=\"wpb_text_column wpb_content_element \"><div class=\"wpb_wrapper\"><p>&nbsp;<\/p><\/div><\/div><div class=\"vc_empty_space\">Hai dei dubbi? Vuoi ricevere maggiori informazioni? Non esitare a contattarci!<\/div><div class=\"vc_empty_space\">&nbsp;<\/div><\/div><\/div><\/div><\/div><div class=\"qodef-elements-holder   qodef-one-column  qodef-responsive-mode-768 \"><div class=\"qodef-eh-item    \" data-item-class=\"qodef-eh-custom-1037\" data-1025-1366=\"0 0\" data-769-1024=\"0 35% 20px 0\" data-680=\"0 0\"><div class=\"qodef-eh-item-inner\"><div class=\"qodef-eh-item-content qodef-eh-custom-1037\"><div class=\"wpb_text_column wpb_content_element  aziendapar\"><div class=\"wpb_wrapper\"><p>Gentile Cliente, questa sessione \u00e8 stata predisposta al fine di aumentare la qualit\u00e0 del servizio e aiutarti nella giusta segnalazione di una eventuale non conformit\u00e0.<br>Siamo convinti che i risultati migliori siano frutto di una sempre pi\u00f9 stretta collaborazione. Ti invitiamo quindi a scaricare la nota informativa contenente tutte le informazioni necessarie.<\/p><\/div><\/div><\/div><\/div><\/div><\/div><\/div><\/div><div class=\"vce-button--style-basic-container vce-button--style-basic-container--align-left\"><span class=\"vce-button--style-basic-wrapper vce\" id=\"el-027cd18d\" data-vce-do-apply=\"margin el-027cd18d\"><a class=\"vce-button vce-button--style-basic vce-button--style-basic--border-square vce-button--style-basic--size-medium vce-button--style-basic--color-b-7-19-93--fff\" href=\"\/wp-content\/uploads\/2025\/04\/Modulo-apertura-non-conformita.pdf\" title=\"\" target=\"_blank\" data-vce-do-apply=\"padding border background  el-027cd18d\">MODULO NON CONFORMIT\u00c0<\/a><\/span><\/div><div class=\"vce-button--style-basic-container vce-button--style-basic-container--align-left\"><span class=\"vce-button--style-basic-wrapper vce\" id=\"el-ca76d9fe\" data-vce-do-apply=\"margin el-ca76d9fe\"><a class=\"vce-button vce-button--style-basic vce-button--style-basic--border-square vce-button--style-basic--size-medium vce-button--style-basic--color-b-7-19-93--fff\" href=\"\/wp-content\/uploads\/2025\/04\/Nota-informativa-clienti-non-conformita.pdf\" title=\"\" target=\"_blank\" data-vce-do-apply=\"padding border background  el-ca76d9fe\">NOTA INFORMATIVA<\/a><\/span><\/div><\/div><\/div><\/div><div class=\"vce-col vce-col--md-auto vce-col--xs-1 vce-col--xs-last vce-col--xs-first vce-col--sm-last vce-col--sm-first vce-col--md-last vce-col--lg-last vce-col--xl-last\" id=\"el-3f78c04c\"><div class=\"vce-col-inner\" data-vce-do-apply=\"border margin background  el-3f78c04c\"><div class=\"vce-col-content\" data-vce-element-content=\"true\" data-vce-do-apply=\"padding el-3f78c04c\"><div class=\"vce-text-block\"><div class=\"vce-text-block-wrapper vce\" id=\"el-8cf4baec\" data-vce-do-apply=\"all el-8cf4baec\"><h2>Contatti<\/h2><div class=\"qodef-elements-holder qodef-one-column qodef-responsive-mode-768 \"><div class=\"qodef-eh-item \" data-item-class=\"qodef-eh-custom-6722\" data-680=\"0 20% 0 0\"><div class=\"qodef-eh-item-inner\"><div class=\"qodef-eh-item-content qodef-eh-custom-6722\"><div class=\"wpb_text_column wpb_content_element \"><div class=\"wpb_wrapper\">&nbsp;<\/div><\/div><div class=\"vc_empty_space\"><p>Hai dei dubbi? Vuoi ricevere maggiori informazioni? Non esitare a contattarci!<\/p><div class=\"wpb_text_column wpb_content_element \"><div class=\"wpb_wrapper\"><h5>Telefono <a class=\"qodef-underline\" href=\"tel:+390248463635\">+39 02 48463635<\/a><\/h5><hr><\/div><\/div><div class=\"wpb_text_column wpb_content_element \"><div class=\"wpb_wrapper\"><h5>Fax <a class=\"qodef-underline\" style=\"font-size: 16px;\" href=\"https:\/\/www.newgeniusglass.it\/it\/contatti\/#\">+39 02 48467294<\/a><\/h5><hr><\/div><\/div><div class=\"wpb_text_column wpb_content_element \"><div class=\"wpb_wrapper\"><h5>Email <a class=\"qodef-underline\" style=\"font-size: 16px;\" href=\"mailto:info@newgeniusglass.it\">info@newgeniusglass.it<\/a><\/h5><hr><\/div><\/div><div class=\"wpb_text_column wpb_content_element \"><div class=\"wpb_wrapper\"><h5>INDIRIZZO<br><a class=\"qodef-underline\" style=\"font-size: 16px;\" href=\"https:\/\/maps.app.goo.gl\/Bp8RAT5SrqvZVpL27\">Via Carpaccio 35\/B \u2013 20090 \u2013 Trezzano sul Naviglio \u2013 Milano (Italy)<\/a><\/h5><\/div><\/div><\/div><div class=\"vc_empty_space\">&nbsp;<\/div><\/div><\/div><\/div><\/div><\/div><\/div><\/div><\/div><\/div><\/div><\/div><\/div><div class=\"vce-row-container\" data-vce-boxed-width=\"true\"><div class=\"vce-row vce-row--col-gap-30 vce-row-equal-height vce-row-content--top\" id=\"el-e5464b34\" data-vce-do-apply=\"all el-e5464b34\"><div class=\"vce-row-content\" data-vce-element-content=\"true\"><div class=\"vce-col vce-col--md-auto vce-col--xs-1 vce-col--xs-last vce-col--xs-first vce-col--sm-last vce-col--sm-first vce-col--md-last vce-col--lg-last vce-col--xl-last vce-col--md-first vce-col--lg-first vce-col--xl-first\" id=\"el-26289286\"><div class=\"vce-col-inner\" data-vce-do-apply=\"border margin background  el-26289286\"><div class=\"vce-col-content\" data-vce-element-content=\"true\" data-vce-do-apply=\"padding el-26289286\"><div class=\"vce-google-maps vce-google-maps--align-left\"><div class=\"vce-google-maps-wrapper vce vce-google-maps--width-custom vce-google-maps-proportional\" id=\"el-bcdffe11\" data-vce-do-apply=\"all el-bcdffe11\" style=\"width: 100%; height: auto;\"><div class=\"vce-google-maps-inner\" style=\"padding-bottom: 75%;\"><iframe src=\"about:blank\" width=\"600\" height=\"450\" style=\"border: 0px; pointer-events: none;\" allowfullscreen=\"\" loading=\"lazy\" referrerpolicy=\"no-referrer-when-downgrade\" class=\"_iub_cs_activate cmplazyload\" data-suppressedsrc=\"https:\/\/www.google.com\/maps\/embed?pb=!1m18!1m12!1m3!1d2800.5221752923635!2d9.058584377122816!3d45.41897423645382!2m3!1f0!2f0!3f0!3m2!1i1024!2i768!4f13.1!3m3!1m2!1s0x4786e83a50e5da25%3A0xcf1541c67fef5688!2sVia%20Carpaccio%2C%2035B%2C%2020090%20Trezzano%20sul%20Naviglio%20MI!5e0!3m2!1sit!2sit!4v1749652168978!5m2!1sit!2sit\" data-iub-purposes=\"3\" data-cmp-ab=\"2\" data-cmp-fnab=\"1\" data-cmp-src=\"https:\/\/www.google.com\/maps\/embed?pb=!1m18!1m12!1m3!1d2800.5221752923635!2d9.058584377122816!3d45.41897423645382!2m3!1f0!2f0!3f0!3m2!1i1024!2i768!4f13.1!3m3!1m2!1s0x4786e83a50e5da25%3A0xcf1541c67fef5688!2sVia%20Carpaccio%2C%2035B%2C%2020090%20Trezzano%20sul%20Naviglio%20MI!5e0!3m2!1sit!2sit!4v1749652168978!5m2!1sit!2sit\" data-cmp-info=\"11\"><\/iframe><\/div><\/div><\/div><\/div><\/div><\/div><\/div><\/div><\/div>\n","protected":false},"excerpt":{"rendered":"<p>Sempre a tua disposizione&nbsp;Hai dei dubbi? Vuoi ricevere maggiori informazioni? Non esitare a contattarci!&nbsp;Gentile Cliente, questa sessione \u00e8 stata predisposta al fine di aumentare la qualit\u00e0 del servizio e aiutarti nella giusta segnalazione di una eventuale non conformit\u00e0.Siamo convinti che i risultati migliori siano frutto di una sempre pi\u00f9 stretta collaborazione. Ti invitiamo quindi a [&hellip;]<\/p>\n","protected":false},"author":1,"featured_media":0,"parent":0,"menu_order":0,"comment_status":"closed","ping_status":"closed","template":"","meta":{"_acf_changed":false,"footnotes":""},"class_list":["post-629","page","type-page","status-publish","hentry"],"acf":[],"_links":{"self":[{"href":"https:\/\/www.newgeniusglass.it\/it\/wp-json\/wp\/v2\/pages\/629","targetHints":{"allow":["GET"]}}],"collection":[{"href":"https:\/\/www.newgeniusglass.it\/it\/wp-json\/wp\/v2\/pages"}],"about":[{"href":"https:\/\/www.newgeniusglass.it\/it\/wp-json\/wp\/v2\/types\/page"}],"author":[{"embeddable":true,"href":"https:\/\/www.newgeniusglass.it\/it\/wp-json\/wp\/v2\/users\/1"}],"replies":[{"embeddable":true,"href":"https:\/\/www.newgeniusglass.it\/it\/wp-json\/wp\/v2\/comments?post=629"}],"version-history":[{"count":5,"href":"https:\/\/www.newgeniusglass.it\/it\/wp-json\/wp\/v2\/pages\/629\/revisions"}],"predecessor-version":[{"id":1511,"href":"https:\/\/www.newgeniusglass.it\/it\/wp-json\/wp\/v2\/pages\/629\/revisions\/1511"}],"wp:attachment":[{"href":"https:\/\/www.newgeniusglass.it\/it\/wp-json\/wp\/v2\/media?parent=629"}],"curies":[{"name":"wp","href":"https:\/\/api.w.org\/{rel}","templated":true}]}}